{"id":626,"date":"2026-03-17T16:15:23","date_gmt":"2026-03-17T15:15:23","guid":{"rendered":"https:\/\/diatofolies.bzh\/?page_id=626"},"modified":"2026-04-18T18:33:30","modified_gmt":"2026-04-18T16:33:30","slug":"prestations","status":"publish","type":"page","link":"https:\/\/diatofolies.bzh\/?page_id=626","title":{"rendered":"Prestations musicales"},"content":{"rendered":"                  <p>\n                  <p>\n                  <p>\n                  <p>F\u00eate de la Musique (Vannes)\n                  <p>Semaine du Golfe (S\u00e9n\u00e9)\n                  <p>Les Voiles Rouges (S\u00e9n\u00e9)  <\/p>\n                  <p>Les nocturnes de S\u00e9n\u00e9 fin ao\u00fbt<br \/>\n                  <p>F\u00eate de la pomme (Sulniac)<br \/>\n                  <p>Fest Noz Tal Er Mor (Ploeren)<br \/>\n                  <p>La Vilaine en F\u00eate<br \/>\n                  <p>La Soufflante (Bains sur Oust)<br \/>\n                  <p>La Bogue d&rsquo;Or (Redon)<br \/>\n                  <p>La Vannetaise (Vannes)<br \/>\n                  <p>March\u00e9 de No\u00ebl (S\u00e9n\u00e9 et Meucon)<br \/>\n                  <p>Repr\u00e9sentation \u00e0 Grain de Sel (S\u00e9n\u00e9)<br \/>\n                  <p>Maisons de retraite<br \/>\n                  <p>R\u00e9sidences Seniors<\/p>\n\n\n<div class=\"wp-block-group alignfull has-contrast-color has-text-color is-vertical is-content-justification-center is-layout-flex wp-container-core-group-is-layout-1 wp-block-group-is-layout-flex\" style=\"min-height:40vh;margin-top:0;margin-bottom:0;padding-top:var(--wp--preset--spacing--60);padding-right:var(--wp--preset--spacing--50);padding-bottom:var(--wp--preset--spacing--60);padding-left:var(--wp--preset--spacing--50)\"><div style=\"margin-bottom:6px;\" class=\"is-default-size aligncenter wp-block-site-logo\"><a href=\"https:\/\/diatofolies.bzh\/\" class=\"custom-logo-link\" rel=\"home\"><img loading=\"lazy\" decoding=\"async\" width=\"2048\" height=\"1365\" src=\"https:\/\/diatofolies.bzh\/wp-content\/uploads\/2023\/08\/logo-test.jpg\" class=\"custom-logo\" alt=\"Diato-Folies\" srcset=\"https:\/\/diatofolies.bzh\/wp-content\/uploads\/2023\/08\/logo-test.jpg 2048w, https:\/\/diatofolies.bzh\/wp-content\/uploads\/2023\/08\/logo-test-300x200.jpg 300w, https:\/\/diatofolies.bzh\/wp-content\/uploads\/2023\/08\/logo-test-1024x683.jpg 1024w, https:\/\/diatofolies.bzh\/wp-content\/uploads\/2023\/08\/logo-test-768x512.jpg 768w, https:\/\/diatofolies.bzh\/wp-content\/uploads\/2023\/08\/logo-test-1536x1024.jpg 1536w\" sizes=\"(max-width: 2048px) 100vw, 2048px\" \/><\/a><\/div>\n\n\n<p class=\"has-text-align-center has-medium-font-size\">Proudly powered by <a href=\"https:\/\/wordpress.org\">WordPress<\/a><\/p>\n\n\n\n<ul class=\"wp-block-social-links has-normal-icon-size is-style-logos-only is-nowrap is-layout-flex wp-container-core-social-links-is-layout-1 wp-block-social-links-is-layout-flex\"><li class=\"wp-social-link wp-social-link-facebook  wp-block-social-link\"><a href=\"https:\/\/#\" class=\"wp-block-social-link-anchor\"><svg width=\"24\" height=\"24\" viewBox=\"0 0 24 24\" version=\"1.1\" xmlns=\"http:\/\/www.w3.org\/2000\/svg\" aria-hidden=\"true\" focusable=\"false\"><path d=\"M12 2C6.5 2 2 6.5 2 12c0 5 3.7 9.1 8.4 9.9v-7H7.9V12h2.5V9.8c0-2.5 1.5-3.9 3.8-3.9 1.1 0 2.2.2 2.2.2v2.5h-1.3c-1.2 0-1.6.8-1.6 1.6V12h2.8l-.4 2.9h-2.3v7C18.3 21.1 22 17 22 12c0-5.5-4.5-10-10-10z\"><\/path><\/svg><span class=\"wp-block-social-link-label screen-reader-text\">Facebook<\/span><\/a><\/li>\n\n<li class=\"wp-social-link wp-social-link-twitter  wp-block-social-link\"><a href=\"https:\/\/#\" class=\"wp-block-social-link-anchor\"><svg width=\"24\" height=\"24\" viewBox=\"0 0 24 24\" version=\"1.1\" xmlns=\"http:\/\/www.w3.org\/2000\/svg\" aria-hidden=\"true\" focusable=\"false\"><path d=\"M22.23,5.924c-0.736,0.326-1.527,0.547-2.357,0.646c0.847-0.508,1.498-1.312,1.804-2.27 c-0.793,0.47-1.671,0.812-2.606,0.996C18.324,4.498,17.257,4,16.077,4c-2.266,0-4.103,1.837-4.103,4.103 c0,0.322,0.036,0.635,0.106,0.935C8.67,8.867,5.647,7.234,3.623,4.751C3.27,5.357,3.067,6.062,3.067,6.814 c0,1.424,0.724,2.679,1.825,3.415c-0.673-0.021-1.305-0.206-1.859-0.513c0,0.017,0,0.034,0,0.052c0,1.988,1.414,3.647,3.292,4.023 c-0.344,0.094-0.707,0.144-1.081,0.144c-0.264,0-0.521-0.026-0.772-0.074c0.522,1.63,2.038,2.816,3.833,2.85 c-1.404,1.1-3.174,1.756-5.096,1.756c-0.331,0-0.658-0.019-0.979-0.057c1.816,1.164,3.973,1.843,6.29,1.843 c7.547,0,11.675-6.252,11.675-11.675c0-0.178-0.004-0.355-0.012-0.531C20.985,7.47,21.68,6.747,22.23,5.924z\"><\/path><\/svg><span class=\"wp-block-social-link-label screen-reader-text\">Twitter<\/span><\/a><\/li>\n\n<li class=\"wp-social-link wp-social-link-wordpress  wp-block-social-link\"><a href=\"https:\/\/#\" class=\"wp-block-social-link-anchor\"><svg width=\"24\" height=\"24\" viewBox=\"0 0 24 24\" version=\"1.1\" xmlns=\"http:\/\/www.w3.org\/2000\/svg\" aria-hidden=\"true\" focusable=\"false\"><path d=\"M12.158,12.786L9.46,20.625c0.806,0.237,1.657,0.366,2.54,0.366c1.047,0,2.051-0.181,2.986-0.51 c-0.024-0.038-0.046-0.079-0.065-0.124L12.158,12.786z M3.009,12c0,3.559,2.068,6.634,5.067,8.092L3.788,8.341 C3.289,9.459,3.009,10.696,3.009,12z M18.069,11.546c0-1.112-0.399-1.881-0.741-2.48c-0.456-0.741-0.883-1.368-0.883-2.109 c0-0.826,0.627-1.596,1.51-1.596c0.04,0,0.078,0.005,0.116,0.007C16.472,3.904,14.34,3.009,12,3.009 c-3.141,0-5.904,1.612-7.512,4.052c0.211,0.007,0.41,0.011,0.579,0.011c0.94,0,2.396-0.114,2.396-0.114 C7.947,6.93,8.004,7.642,7.52,7.699c0,0-0.487,0.057-1.029,0.085l3.274,9.739l1.968-5.901l-1.401-3.838 C9.848,7.756,9.389,7.699,9.389,7.699C8.904,7.67,8.961,6.93,9.446,6.958c0,0,1.484,0.114,2.368,0.114 c0.94,0,2.397-0.114,2.397-0.114c0.485-0.028,0.542,0.684,0.057,0.741c0,0-0.488,0.057-1.029,0.085l3.249,9.665l0.897-2.996 C17.841,13.284,18.069,12.316,18.069,11.546z M19.889,7.686c0.039,0.286,0.06,0.593,0.06,0.924c0,0.912-0.171,1.938-0.684,3.22 l-2.746,7.94c2.673-1.558,4.47-4.454,4.47-7.771C20.991,10.436,20.591,8.967,19.889,7.686z M12,22C6.486,22,2,17.514,2,12 C2,6.486,6.486,2,12,2c5.514,0,10,4.486,10,10C22,17.514,17.514,22,12,22z\"><\/path><\/svg><span class=\"wp-block-social-link-label screen-reader-text\">WordPress<\/span><\/a><\/li><\/ul>\n<\/div>\n\n\n\n<ul><\/ul>\n\n\n\n<ul><\/ul>\n\n\n\n<ul><\/ul>\n\n\n\n<ul><\/ul>\n\n\n\n<div class=\"wp-block-columns is-layout-flex wp-container-core-columns-is-layout-1 wp-block-columns-is-layout-flex\"><\/div>\n","protected":false},"excerpt":{"rendered":"<p>F\u00eate de la Musique (Vannes) Semaine du Golfe (S\u00e9n\u00e9) Les Voiles Rouges (S\u00e9n\u00e9) Les nocturnes de S\u00e9n\u00e9 fin ao\u00fbt F\u00eate de la pomme (Sulniac) Fest Noz Tal Er Mor (Ploeren) La Vilaine en F\u00eate La Soufflante (Bains sur Oust) La &hellip; <a href=\"https:\/\/diatofolies.bzh\/?page_id=626\">Continuer la lecture <span class=\"meta-nav\">&rarr;<\/span><\/a><\/p>\n","protected":false},"author":1,"featured_media":0,"parent":0,"menu_order":0,"comment_status":"closed","ping_status":"closed","template":"","meta":{"footnotes":""},"_links":{"self":[{"href":"https:\/\/diatofolies.bzh\/index.php?rest_route=\/wp\/v2\/pages\/626"}],"collection":[{"href":"https:\/\/diatofolies.bzh\/index.php?rest_route=\/wp\/v2\/pages"}],"about":[{"href":"https:\/\/diatofolies.bzh\/index.php?rest_route=\/wp\/v2\/types\/page"}],"author":[{"embeddable":true,"href":"https:\/\/diatofolies.bzh\/index.php?rest_route=\/wp\/v2\/users\/1"}],"replies":[{"embeddable":true,"href":"https:\/\/diatofolies.bzh\/index.php?rest_route=%2Fwp%2Fv2%2Fcomments&post=626"}],"version-history":[{"count":31,"href":"https:\/\/diatofolies.bzh\/index.php?rest_route=\/wp\/v2\/pages\/626\/revisions"}],"predecessor-version":[{"id":870,"href":"https:\/\/diatofolies.bzh\/index.php?rest_route=\/wp\/v2\/pages\/626\/revisions\/870"}],"wp:attachment":[{"href":"https:\/\/diatofolies.bzh\/index.php?rest_route=%2Fwp%2Fv2%2Fmedia&parent=626"}],"curies":[{"name":"wp","href":"https:\/\/api.w.org\/{rel}","templated":true}]}}