{"id":66,"date":"2018-08-20T18:39:04","date_gmt":"2018-08-20T16:39:04","guid":{"rendered":"http:\/\/diatofolies.bzh\/?page_id=66"},"modified":"2026-03-19T18:38:23","modified_gmt":"2026-03-19T17:38:23","slug":"tarifs","status":"publish","type":"page","link":"https:\/\/diatofolies.bzh\/?page_id=66","title":{"rendered":"Bureau et C.A"},"content":{"rendered":"<p><strong><span style=\"color: #333333;\">Diato-Folies est compos\u00e9 d&rsquo;un bureau :<\/span><\/strong><\/p>\n\n<table id=\"tablepress-2\" class=\"tablepress tablepress-id-2\">\n<tbody class=\"row-hover\">\n<tr class=\"row-1 odd\">\n\t<td class=\"column-1\">Nicole LE CORVIC<\/td><td class=\"column-2\">Pr\u00e9sidente<\/td>\n<\/tr>\n<tr class=\"row-2 even\">\n\t<td class=\"column-1\">Jean-Louis GUILLARD<\/td><td class=\"column-2\">Vice-pr\u00e9sident<\/td>\n<\/tr>\n<tr class=\"row-3 odd\">\n\t<td class=\"column-1\">Jo\u00eblle MALOT<\/td><td class=\"column-2\">Tr\u00e9sori\u00e8re<\/td>\n<\/tr>\n<tr class=\"row-4 even\">\n\t<td class=\"column-1\">Jacqueline POUSSIER<\/td><td class=\"column-2\">Tr\u00e9sori\u00e8re Adjointe<\/td>\n<\/tr>\n<tr class=\"row-5 odd\">\n\t<td class=\"column-1\">Marie-Claude COU\u00cbLLAN<\/td><td class=\"column-2\">Tr\u00e9sori\u00e8re Adjointe<\/td>\n<\/tr>\n<tr class=\"row-6 even\">\n\t<td class=\"column-1\">Annick HANQUET<\/td><td class=\"column-2\">Secr\u00e9taire Communication<\/td>\n<\/tr>\n<tr class=\"row-7 odd\">\n\t<td class=\"column-1\">Maryse LISET<\/td><td class=\"column-2\">Secr\u00e9taire Adjointe Communication<\/td>\n<\/tr>\n<\/tbody>\n<\/table>\n<!-- #tablepress-2 from cache -->\n<p><strong><span style=\"color: #333333;\"> Membres du Conseil d&rsquo;Administration :<\/span><\/strong><\/p>\n\n<table id=\"tablepress-3\" class=\"tablepress tablepress-id-3\">\n<tbody class=\"row-hover\">\n<tr class=\"row-1 odd\">\n\t<td class=\"column-1\">Nicole LE CORVIC<\/td><td class=\"column-2\">Pr\u00e9sidente<\/td>\n<\/tr>\n<tr class=\"row-2 even\">\n\t<td class=\"column-1\">Jean-Louis GUILLARD<\/td><td class=\"column-2\">Vice-Pr\u00e9sident<\/td>\n<\/tr>\n<tr class=\"row-3 odd\">\n\t<td class=\"column-1\">Jo\u00eblle MALOT<\/td><td class=\"column-2\">Tr\u00e9sori\u00e8re<\/td>\n<\/tr>\n<tr class=\"row-4 even\">\n\t<td class=\"column-1\">Jacqueline POUSSIER<\/td><td class=\"column-2\">Tr\u00e9sori\u00e8re Adjointe<\/td>\n<\/tr>\n<tr class=\"row-5 odd\">\n\t<td class=\"column-1\">Marie-Claude COU\u00cbLLAN<\/td><td class=\"column-2\">Tr\u00e9sori\u00e8re Adjointe<\/td>\n<\/tr>\n<tr class=\"row-6 even\">\n\t<td class=\"column-1\">Annick HANQUET<\/td><td class=\"column-2\">Secr\u00e9taire Communication<\/td>\n<\/tr>\n<tr class=\"row-7 odd\">\n\t<td class=\"column-1\">Maryse LISET<\/td><td class=\"column-2\">Secr\u00e9taire Adjointe Communication<\/td>\n<\/tr>\n<tr class=\"row-8 even\">\n\t<td class=\"column-1\">Goulven SAOUT<\/td><td class=\"column-2\">Professeur<\/td>\n<\/tr>\n<tr class=\"row-9 odd\">\n\t<td class=\"column-1\">Herv\u00e9 MALOT<\/td><td class=\"column-2\">Logistique<\/td>\n<\/tr>\n<tr class=\"row-10 even\">\n\t<td class=\"column-1\">Alain THIZON<\/td><td class=\"column-2\">Membre CA<\/td>\n<\/tr>\n<tr class=\"row-11 odd\">\n\t<td class=\"column-1\">Xavier EMANUELLI<\/td><td class=\"column-2\">Membre CA<\/td>\n<\/tr>\n<tr class=\"row-12 even\">\n\t<td class=\"column-1\">Philippe MOISAN<\/td><td class=\"column-2\">Membre CA<\/td>\n<\/tr>\n<\/tbody>\n<\/table>\n<!-- #tablepress-3 from cache -->\n<p><strong><span style=\"color: #333333;\">Vous trouverez les tarifs et documents \u00e0 t\u00e9l\u00e9charger pour l&rsquo;inscription ci-dessous :<\/span><\/strong><\/p>\n<p><strong><a href=\"https:\/\/diatofolies.bzh\/wp-content\/uploads\/2018\/08\/statuts-ASSOCIATION-DIATO-FOLIES.pdf\">Statuts ASSOCIATION DIATO FOLIES<\/a><\/strong><\/p>\n<p><strong><a href=\"https:\/\/diatofolies.bzh\/wp-content\/uploads\/2023\/08\/Bulletin-dadhesion-2023_2024.pdf\">Bulletin d&rsquo;adh\u00e9sion 2023\/2024<\/a> <\/strong><\/p>\n<p><a href=\"https:\/\/diatofolies.bzh\/wp-content\/uploads\/2023\/08\/INFO-Tarifs-23-24.pdf\"><strong>Tarifs 2023\/2024<\/strong><\/a><\/p>\n<p><a href=\"https:\/\/diatofolies.bzh\/wp-content\/uploads\/2018\/09\/droit-\u00e0-limage.pdf\"><strong>Droit \u00e0 l&rsquo;image<\/strong><\/a><\/p>\n\n\n<p><\/p>\n","protected":false},"excerpt":{"rendered":"<p>Diato-Folies est compos\u00e9 d&rsquo;un bureau : Membres du Conseil d&rsquo;Administration : Vous trouverez les tarifs et documents \u00e0 t\u00e9l\u00e9charger pour l&rsquo;inscription ci-dessous : Statuts ASSOCIATION DIATO FOLIES Bulletin d&rsquo;adh\u00e9sion 2023\/2024 Tarifs 2023\/2024 Droit \u00e0 l&rsquo;image<\/p>\n","protected":false},"author":1,"featured_media":0,"parent":0,"menu_order":0,"comment_status":"closed","ping_status":"closed","template":"","meta":{"footnotes":""},"_links":{"self":[{"href":"https:\/\/diatofolies.bzh\/index.php?rest_route=\/wp\/v2\/pages\/66"}],"collection":[{"href":"https:\/\/diatofolies.bzh\/index.php?rest_route=\/wp\/v2\/pages"}],"about":[{"href":"https:\/\/diatofolies.bzh\/index.php?rest_route=\/wp\/v2\/types\/page"}],"author":[{"embeddable":true,"href":"https:\/\/diatofolies.bzh\/index.php?rest_route=\/wp\/v2\/users\/1"}],"replies":[{"embeddable":true,"href":"https:\/\/diatofolies.bzh\/index.php?rest_route=%2Fwp%2Fv2%2Fcomments&post=66"}],"version-history":[{"count":24,"href":"https:\/\/diatofolies.bzh\/index.php?rest_route=\/wp\/v2\/pages\/66\/revisions"}],"predecessor-version":[{"id":661,"href":"https:\/\/diatofolies.bzh\/index.php?rest_route=\/wp\/v2\/pages\/66\/revisions\/661"}],"wp:attachment":[{"href":"https:\/\/diatofolies.bzh\/index.php?rest_route=%2Fwp%2Fv2%2Fmedia&parent=66"}],"curies":[{"name":"wp","href":"https:\/\/api.w.org\/{rel}","templated":true}]}}