{"id":72,"date":"2018-08-20T18:40:13","date_gmt":"2018-08-20T16:40:13","guid":{"rendered":"http:\/\/diatofolies.bzh\/?page_id=72"},"modified":"2026-04-18T18:31:30","modified_gmt":"2026-04-18T16:31:30","slug":"diato-folies","status":"publish","type":"page","link":"https:\/\/diatofolies.bzh\/?page_id=72","title":{"rendered":"Cours Accord\u00e9on Diatonique"},"content":{"rendered":"<p>Cr\u00e9\u00e9e en 1986, Diato-folies est une association de passionn\u00e9s de Musique traditionnelle.<br \/>\nC\u2019est dans un esprit de loisir que l\u2019Association dispense des cours collectifs d&rsquo;accord\u00e9on diatonique par petits groupes de 2 -3 \u00e9l\u00e8ves \u00e0 Vannes.<br \/>\nCes cours sont ouverts \u00e0 tous, sans aucun pr\u00e9requis demand\u00e9.<br \/>\nLa connaissance du solf\u00e8ge n\u2019est pas obligatoire.<\/p>\n<p>&#8211; Professeurs Goulven Saout et David Harnois. <\/p>\n<p>-Les cours ont lieu les lundi avec David<\/p>\n<p>-Les jeudi et vendredi avec Goulven<\/p>\n<p>&#8211; Les cours ont lieu \u00e0 la Maison des Associations \u00e0 Vannes<br \/>\n&#8211; Des ateliers collectifs sont propos\u00e9s le vendredi soir tous les quinze jours <\/p>\n<p>&#8211; Le tarif est de 360\u20ac pour l&rsquo;ann\u00e9e 2025-2026.<br \/>\nL&rsquo;adh\u00e9sion annuelle individuelle est obligatoire pour l&rsquo;acc\u00e8s \u00e0 tous les cours et est comprise dans le tarif.<\/p>\n<p>&#8211; Possibilit\u00e9 de louer un accord\u00e9on<\/p>\n\n\n\n\n<!--nextpage-->\n\n<p>\n<p>\n<p>Les PROFESSEURS<\/p> \n<p>\n<p>\n<p>     \n<p> GOULVEN\n\n<p>\n<P>\nN\u00e9 en 1980, Goulven est berc\u00e9 tout petit par la culture bretonne, commence la danse \u00e0 6 ans, puis l\u2019accord\u00e9on diatonique \u00e0 l\u2019\u00e2ge de 9 ans et joue \u00e0 ses heures perdues un peu de violon et de mandoline.\nForm\u00e9 au sein du cercle celtique En Arben de Theix puis celui de Vannes, il joue par la suite avec le groupe de chant de marin Taillevent, en duo avec son fr\u00e8re \u00e0 la bombarde, en duo avec Yannick le Sausse de Follen, en duo avec Tangi Penard \u00e0 la bombarde ainsi qu&rsquo;au sein du groupe Doris en compagnie de Pierrick Lemou au violon.\nDepuis 17 ans, il participe \u00e0 l&rsquo;aventure du groupe de Fest noz Korriganed cr\u00e9\u00e9 en 1974, se produit en duo avec le clarinettiste Tanguy Pacault et joue de fa\u00e7ons impromptues en duos avec notamment Olivier Guenego (Gwenfol) ou Patrick Rouxel \u00e0 la guitare.\nIl consacre son activit\u00e9 professionnelle depuis 2004 \u00e0 l&rsquo;enseignement de l\u2019accord\u00e9on diatonique au sein d&rsquo;associations du bassin vannetais : Le Camber (Questembert), Accordalre (Larr\u00e9, Ploeren) et Diato Folies (Vannes). Il a rejoint l\u2019\u00e9quipe du Groupement Culturel depuis septembre 2023.\nIl aime plus que tout transmettre sa passion pour l\u2019accord\u00e9on diatonique, abordant bien s\u00fbr la musique bretonne et celtique en g\u00e9n\u00e9ral, fondement de ses origines, mais explore avec plaisir de nombreux r\u00e9pertoires : folk, pays de l&rsquo;est, musiques am\u00e9ricaines, nord Europe, beaucoup de chansons anciennes et actuelles avec une pr\u00e9dilection pour le chant de marin.\nSa r\u00e9compense ultime, le sourire des \u00e9l\u00e8ves qui se font plaisir en jouant&#8230;\n<p>\n<p>\n<p>\n<p>\n<p>\n<p>\n<p>DAVID\n<p>\n<P>\nLe parcours musical de David commence d\u00e8s son plus jeune \u00e2ge. Il pratique le piano, la batterie, les percussions puis tombe en amour pour l&rsquo;accord\u00e9on diatonique. Baign\u00e9 dans diff\u00e9rents horizons musicaux, pour lui la musique n&rsquo;a pas de fronti\u00e8re et joue de tout style.\nDavid partage son temps entre l&rsquo;enseignement \u00e0 domicile dans le secteur de Vannes, Auray, Lorient, Baud et membre de plusieurs associations musicales \u00e0 Vannes, Ploeren, Arradon et St Philibert. Il intervient \u00e9galement pour animer des ateliers de musique d&rsquo;ensemble et aime quand ses \u00e9l\u00e8ves jouent avec d&rsquo;autres instruments, comme la clarinette, violon, cuivre&#8230; ou m\u00eame le chant. \nL&rsquo;enseignement est une \u00e9vidence pour David, de transmettre et partager sa passion pour l&rsquo;accord\u00e9on diatonique aux d\u00e9butants comme aux confirm\u00e9s.\n\n \u00ab\u00a0le diato est synonyme d&rsquo;\u00e9ventail \u00e9motionnel. Tr\u00e8s festif, il nous entra\u00eene dans une convivialit\u00e9 contagieuse, tout en \u00e9tant capable de nous ramener \u00e0 des \u00e9motions tr\u00e8s profondes\u00a0\u00bb\n\nD\u00e9couverte, loisirs ou performance, David accompagne les \u00e9l\u00e8ves selon leur souhait et leur niveau. Ravi de voir l&rsquo;\u00e9volution, la progression de chaque \u00e9l\u00e8ve, il tient particuli\u00e8rement \u00e0 ce que la musique soit un plaisir et dans une ambiance conviviale.  \n\n\n\n\n<ul class=\"wp-block-social-links is-layout-flex wp-block-social-links-is-layout-flex\"><\/ul>\n\n\n<!--nextpage-->\n<!-- \/wp:nextpage --\n","protected":false},"excerpt":{"rendered":"<p>Cr\u00e9\u00e9e en 1986, Diato-folies est une association de passionn\u00e9s de Musique traditionnelle. C\u2019est dans un esprit de loisir que l\u2019Association dispense des cours collectifs d&rsquo;accord\u00e9on diatonique par petits groupes de 2 -3 \u00e9l\u00e8ves \u00e0 Vannes. Ces cours sont ouverts \u00e0 &hellip; <a href=\"https:\/\/diatofolies.bzh\/?page_id=72\">Continuer la lecture <span class=\"meta-nav\">&rarr;<\/span><\/a><\/p>\n","protected":false},"author":1,"featured_media":0,"parent":0,"menu_order":0,"comment_status":"closed","ping_status":"closed","template":"","meta":{"footnotes":""},"_links":{"self":[{"href":"https:\/\/diatofolies.bzh\/index.php?rest_route=\/wp\/v2\/pages\/72"}],"collection":[{"href":"https:\/\/diatofolies.bzh\/index.php?rest_route=\/wp\/v2\/pages"}],"about":[{"href":"https:\/\/diatofolies.bzh\/index.php?rest_route=\/wp\/v2\/types\/page"}],"author":[{"embeddable":true,"href":"https:\/\/diatofolies.bzh\/index.php?rest_route=\/wp\/v2\/users\/1"}],"replies":[{"embeddable":true,"href":"https:\/\/diatofolies.bzh\/index.php?rest_route=%2Fwp%2Fv2%2Fcomments&post=72"}],"version-history":[{"count":53,"href":"https:\/\/diatofolies.bzh\/index.php?rest_route=\/wp\/v2\/pages\/72\/revisions"}],"predecessor-version":[{"id":867,"href":"https:\/\/diatofolies.bzh\/index.php?rest_route=\/wp\/v2\/pages\/72\/revisions\/867"}],"wp:attachment":[{"href":"https:\/\/diatofolies.bzh\/index.php?rest_route=%2Fwp%2Fv2%2Fmedia&parent=72"}],"curies":[{"name":"wp","href":"https:\/\/api.w.org\/{rel}","templated":true}]}}